{"id":37,"date":"2025-04-18T18:53:58","date_gmt":"2025-04-18T16:53:58","guid":{"rendered":"https:\/\/www.finanzwerkstattisele.de\/?page_id=37"},"modified":"2025-04-30T13:26:22","modified_gmt":"2025-04-30T11:26:22","slug":"impressum","status":"publish","type":"page","link":"https:\/\/www.finanzwerkstattisele.de\/?page_id=37","title":{"rendered":"Impressum"},"content":{"rendered":"\n<p><strong>Angaben gem\u00e4\u00df \u00a7 5 DDG<\/strong><br>FinanzWerkstattIsele \u2013 Tanja Isele<br>Habichtweg 12<br>92353 Postbauer-Heng<br><\/p>\n\n\n\n<p><strong>Kontakt<\/strong><br>Tel: 0175 5909580<br>E-Mail: info@finanzwerkstattisele.de<br>Internet: www.finanzwerkstattisele.de<\/p>\n\n\n\n<p><strong>Umsatzsteuer-ID<\/strong><br>Umsatzsteuer-Identifikationsnummer gem\u00e4\u00df \u00a7 27 a Umsatzsteuergesetz: 235\/252\/20586<\/p>\n\n\n\n<p><strong>Angaben zur Berufshaftpflichtversicherung<\/strong><br>Name und Sitz der Gesellschaft:<br>Allianz Versicherungs-AG, 10900 Berlin<br>Versicherungsnummer GHV 30\/0450\/3072452\/490<\/p>\n\n\n\n<p><strong>Verantwortlich f\u00fcr den Inhalt nach \u00a7 55 Abs. 2 RStV<\/strong><br>Tanja Isele<\/p>\n\n\n\n<p><strong>Quellenangaben f\u00fcr die verwendeten Bilder und Grafiken<\/strong><br>\u00a9 Tanja Isele<\/p>\n\n\n\n<p><strong>Status<\/strong><br>Tanja Isele ist als Finanzanlagenvermittler\/-berater mit Erlaubnispflicht gem\u00e4\u00df \u00a7 34 f Absatz 1, Satz1, Nr.1 GewO, als Immobiliendarlehensvermittler gem\u00e4\u00df \u00a7 34 i Absatz 1 Satz 1 GewO und als Darlehensvermittlerin gem\u00e4\u00df \u00a7 34 c Absatz 1 Satz 1 GewO t\u00e4tig.<\/p>\n\n\n\n<p><strong>Zust\u00e4ndige Stelle<\/strong><br>F\u00fcr die Erlaubniserteilung nach \u00a7 34 f GewO zust\u00e4ndige Stelle war zust\u00e4ndig die IHK Regensburg f\u00fcr Oberpfalz\/Kelheim, D.-Martin-Luther-Str. 12, 93047 Regensburg Max-Joseph-Str. 2.<br>F\u00fcr die Erlaubniserteilung nach \u00a7 34 i GewO zust\u00e4ndige Stelle war zust\u00e4ndig die IHK f\u00fcr M\u00fcnchen und Oberbayern, Max-Joseph-Str. 2, 80333 M\u00fcnchen,  <a href=\"https:\/\/www.ihk-muenchen.de\" target=\"_blank\" rel=\"noreferrer noopener\">www.ihk-muenchen.de<\/a>.<br>Die f\u00fcr die Erlaubniserteilung nach \u00a7 34 c Absatz 1 Satz 1 GewO zust\u00e4ndige Stelle war die IHK f\u00fcr M\u00fcnchen und Oberbayern, Max-Joseph-Str. 2, 80333 M\u00fcnchen, <a href=\"https:\/\/www.ihk-muenchen.de\" target=\"_blank\" rel=\"noreferrer noopener\">www.ihk-muenchen.de<\/a>.<\/p>\n\n\n\n<p><strong>Registernummern im Vermittler-Register<\/strong><br>Maklervermittlerregister: Erlaubnis nach \u00a7 34c Absatz 1 Satz 1 GewO,<br>Erlaubnis nach \u00a7 34 i Absatz 1 Satz 1 GewO<br>Immobiliendarlehensvermittlerregister: D-W-155-2YIU-78<br>Erlaubnis nach \u00a734 f Absatz 1 Satz 1 GewO<br>Finanzanlagenvermittlerregister: D-F-155-U92R-32<\/p>\n\n\n\n<p><strong>Registerstelle des Vermittler-Registers<\/strong><br>Deutsche Industrie- und Handelskammer (DIHK)<br>Breite Stra\u00dfe 29, 10178 Berlin<br>Auskunft \u00fcber Telefon: 030 20308-0 oder Internet: <a href=\"https:\/\/www.vermittlerregister.info\" target=\"_blank\" rel=\"noreferrer noopener\">www.vermittlerregister.info<\/a><\/p>\n\n\n\n<p><strong>Informationen \u00fcber Emittenten und Anbieter, zu deren Finanzanlagen Vermittlungs- oder Beratungsleistungen angeboten werden<\/strong><br>Vermittelt und beraten wird zu Finanzanlagen aus der gesamten Breite des in Deutschland bestehenden Marktes, soweit dies im Rahmen der beh\u00f6rdlichen Zulassung als Finanzanlagenvermittler\/-berater gem. \u00a7 34 f GewO zul\u00e4ssig ist.Vermittelt und beraten wird zu Finanzanlagen aus der gesamten Breite des in Deutschland bestehenden Marktes, soweit dies im Rahmen der beh\u00f6rdlichen Zulassung als Finanzanlagenvermittler\/-berater gem. \u00a7&nbsp;34 f GewO zul\u00e4ssig ist.<\/p>\n\n\n\n<p><strong>Informationen \u00fcber Banken und Finanzierungsplattformen, von denen Vermittlungs- oder Beratungsleistungen angeboten werden<\/strong><br>Vermittelt und beraten wird zum Thema Baufinanzierung, Konsumdarlehen, Investitionsdarlehen aus der gesamten Breite der in Deutschland ans\u00e4ssigen Banken und Sparkassen, soweit dies im Rahmen der beh\u00f6rdlichen Zulassung als Immobiliendarlehensvermittler und Kleindarlehensvermittler\/-berater gem. \u00a7 34 i GewO und \u00a734c Absatz 1 Satz 1 zul\u00e4ssig ist.<\/p>\n\n\n\n<p><strong>Information des Vermittlers \u00fcber Verg\u00fctungen und Zuwendungen im Bereich der Immobiliendarlehensvermittlung und Finanzanlagenvermittlung:<br>Verg\u00fctungen ausschlie\u00dflich von einer der beiden Vertragsparteien<\/strong><br>Der Vermittler erh\u00e4lt entweder eine Courtage\/Provision von dem Produktanbieter\/Versicherer oder eine Verg\u00fctung durch den Kunden aufgrund einer gesonderten Vermittlungsvereinbarung. Also wird der Vermittler immer nur von einer Vertragspartei des zu vermittelnden Vertrages verg\u00fctet. In jedem Fall verpflichtet sich der Vermittler seine Verg\u00fctung transparent vor der Vermittlungsleistung offenzulegen.<\/p>\n\n\n\n<p><strong>Schlichtungsstellen \u2013 au\u00dfergerichtliche Streitbeilegung<\/strong><br>Bundesanstalt f\u00fcr Finanzdienstleistungsaufsicht (BAFin)<br>Graurheindorfer Stra\u00dfe 108, 53117 Bonn<br>Telefon: +49 228 41080<\/p>\n\n\n\n<p>Schlichtungsstelle bei der Deutschen Bundesbank<br>Wilhelm-Epstein-Stra\u00dfe 14,60431 Frankfurt am Main<br>Telefon: +49 69 956633 232<br><a href=\"mailto:schlichtung@bundesbank.de\">schlichtung@bundesbank.de<\/a><\/p>\n\n\n\n<p>N\u00e4here Angaben zur T\u00e4tigkeit als Finanzanlagenvermittler und Darlehens- und Immobiliardarlehensvermittler finden Sie in der\u00a0<strong>Erstinformation<\/strong>.<\/p>\n","protected":false},"excerpt":{"rendered":"<p>Angaben gem\u00e4\u00df \u00a7 5 DDGFinanzWerkstattIsele \u2013 Tanja IseleHabichtweg 1292353 Postbauer-Heng KontaktTel: 0175 5909580E-Mail: info@finanzwerkstattisele.deInternet: www.finanzwerkstattisele.de Umsatzsteuer-IDUmsatzsteuer-Identifikationsnummer gem\u00e4\u00df \u00a7 27 a Umsatzsteuergesetz: 235\/252\/20586 Angaben zur BerufshaftpflichtversicherungName und Sitz der Gesellschaft:Allianz Versicherungs-AG, 10900 BerlinVersicherungsnummer GHV 30\/0450\/3072452\/490 Verantwortlich f\u00fcr den Inhalt nach \u00a7 55 Abs. 2 RStVTanja Isele Quellenangaben f\u00fcr die verwendeten Bilder und Grafiken\u00a9 Tanja Isele StatusTanja&hellip;&nbsp;<a href=\"https:\/\/www.finanzwerkstattisele.de\/?page_id=37\" rel=\"bookmark\">Weiterlesen &raquo;<span class=\"screen-reader-text\">Impressum<\/span><\/a><\/p>\n","protected":false},"author":1,"featured_media":0,"parent":2,"menu_order":0,"comment_status":"closed","ping_status":"closed","template":"","meta":{"neve_meta_sidebar":"","neve_meta_container":"","neve_meta_enable_content_width":"","neve_meta_content_width":0,"neve_meta_title_alignment":"","neve_meta_author_avatar":"","neve_post_elements_order":"","neve_meta_disable_header":"","neve_meta_disable_footer":"","neve_meta_disable_title":"","footnotes":""},"class_list":["post-37","page","type-page","status-publish","hentry"],"_links":{"self":[{"href":"https:\/\/www.finanzwerkstattisele.de\/index.php?rest_route=\/wp\/v2\/pages\/37","targetHints":{"allow":["GET"]}}],"collection":[{"href":"https:\/\/www.finanzwerkstattisele.de\/index.php?rest_route=\/wp\/v2\/pages"}],"about":[{"href":"https:\/\/www.finanzwerkstattisele.de\/index.php?rest_route=\/wp\/v2\/types\/page"}],"author":[{"embeddable":true,"href":"https:\/\/www.finanzwerkstattisele.de\/index.php?rest_route=\/wp\/v2\/users\/1"}],"replies":[{"embeddable":true,"href":"https:\/\/www.finanzwerkstattisele.de\/index.php?rest_route=%2Fwp%2Fv2%2Fcomments&post=37"}],"version-history":[{"count":8,"href":"https:\/\/www.finanzwerkstattisele.de\/index.php?rest_route=\/wp\/v2\/pages\/37\/revisions"}],"predecessor-version":[{"id":150,"href":"https:\/\/www.finanzwerkstattisele.de\/index.php?rest_route=\/wp\/v2\/pages\/37\/revisions\/150"}],"up":[{"embeddable":true,"href":"https:\/\/www.finanzwerkstattisele.de\/index.php?rest_route=\/wp\/v2\/pages\/2"}],"wp:attachment":[{"href":"https:\/\/www.finanzwerkstattisele.de\/index.php?rest_route=%2Fwp%2Fv2%2Fmedia&parent=37"}],"curies":[{"name":"wp","href":"https:\/\/api.w.org\/{rel}","templated":true}]}}