{"id":2,"date":"2025-04-18T15:03:08","date_gmt":"2025-04-18T15:03:08","guid":{"rendered":"https:\/\/www.finanzwerkstattisele.de\/?page_id=2"},"modified":"2025-04-21T19:12:36","modified_gmt":"2025-04-21T17:12:36","slug":"main","status":"publish","type":"page","link":"https:\/\/www.finanzwerkstattisele.de\/","title":{"rendered":"\u00dcbersicht"},"content":{"rendered":"<div class=\"wp-block-image\">\n<figure class=\"aligncenter size-full is-resized\"><img loading=\"lazy\" decoding=\"async\" width=\"883\" height=\"883\" src=\"https:\/\/www.finanzwerkstattisele.de\/wp-content\/uploads\/2025\/04\/logo-m.png\" alt=\"\" class=\"wp-image-68\" style=\"width:696px;height:auto\" srcset=\"https:\/\/www.finanzwerkstattisele.de\/wp-content\/uploads\/2025\/04\/logo-m.png 883w, https:\/\/www.finanzwerkstattisele.de\/wp-content\/uploads\/2025\/04\/logo-m-300x300.png 300w, https:\/\/www.finanzwerkstattisele.de\/wp-content\/uploads\/2025\/04\/logo-m-150x150.png 150w, https:\/\/www.finanzwerkstattisele.de\/wp-content\/uploads\/2025\/04\/logo-m-768x768.png 768w\" sizes=\"auto, (max-width: 883px) 100vw, 883px\" \/><\/figure>\n<\/div>\n\n\n<p style=\"border-style:none;border-width:0px\">Als erfahrene Finanzberaterin mit \u00fcber 25 Jahren Berufserfahrung biete ich ganzheitliche, individuelle Beratung in den Bereichen Baufinanzierung, Verm\u00f6gensaufbau, Vorsorge und Ruhestandsplanung.<br>Im Mittelpunkt stehen Ihre Ziele und Lebenssituation \u2013 verl\u00e4sslich, pers\u00f6nlich und auf Augenh\u00f6he.<br>Ich arbeite strategisch und transparent und konzentriere mich auf meine Kernkompetenzen. In anderen Bereichen vertraue ich auf mein gewachsenes Netzwerk aus Experten in Versicherung, Wirtschaft, Recht und Steuern.<\/p>\n\n\n\n<div class=\"wp-block-group has-neve-link-hover-color-background-color has-background\" style=\"padding-top:var(--wp--preset--spacing--20);padding-right:var(--wp--preset--spacing--60);padding-bottom:var(--wp--preset--spacing--20);padding-left:var(--wp--preset--spacing--60)\"><div class=\"wp-block-group__inner-container is-layout-constrained wp-container-core-group-is-layout-63f1dca2 wp-block-group-is-layout-constrained\">\n<ul class=\"wp-block-list\">\n<li>Umfassende Finanzberatung<\/li>\n\n\n\n<li>Baufinanzierung und Finanzierungsanfragen aller Art<\/li>\n\n\n\n<li>Kapitalanlagenberatung<\/li>\n\n\n\n<li>Antworten zu Versicherungsfragen<\/li>\n<\/ul>\n<\/div><\/div>\n\n\n\n<hr class=\"wp-block-separator has-alpha-channel-opacity\"\/>\n\n\n\n<div class=\"wp-block-group\"><div class=\"wp-block-group__inner-container is-layout-constrained wp-block-group-is-layout-constrained\">\n<h3 class=\"wp-block-heading has-text-align-center\">Kontakt<\/h3>\n\n\n\n<div class=\"wp-block-group is-vertical is-content-justification-center is-layout-flex wp-container-core-group-is-layout-73a99bce wp-block-group-is-layout-flex\"><div class=\"wp-block-image\">\n<figure class=\"aligncenter size-medium has-custom-border\"><img loading=\"lazy\" decoding=\"async\" width=\"225\" height=\"300\" src=\"https:\/\/www.finanzwerkstattisele.de\/wp-content\/uploads\/2025\/04\/tanja-s-225x300.png\" alt=\"\" class=\"wp-image-135\" style=\"border-style:none;border-width:0px;border-radius:5px\" srcset=\"https:\/\/www.finanzwerkstattisele.de\/wp-content\/uploads\/2025\/04\/tanja-s-225x300.png 225w, https:\/\/www.finanzwerkstattisele.de\/wp-content\/uploads\/2025\/04\/tanja-s.png 416w\" sizes=\"auto, (max-width: 225px) 100vw, 225px\" \/><\/figure>\n<\/div>\n\n\n<ul class=\"wp-block-list\">\n<li>\ud83d\udc69\u200d\ud83d\udcbc Tanja Isele<\/li>\n\n\n\n<li>\ud83d\udccd <a href=\"https:\/\/www.google.com\/maps?q=Habichtweg+12+,+92353+Postbauer-Heng\" target=\"_blank\">Habichtweg12, 92353 Postbauer-Heng<\/a><\/li>\n\n\n\n<li>\ud83d\udcde <a href=\"tel:+491755909580\">+49 175 590 9580<\/a><\/li>\n\n\n\n<li>\u2709\ufe0f <a href=\"mailto:info@finanzwerkstattisele.de\">info@finanzwerkstattisele.de<\/a><\/li>\n<\/ul>\n<\/div>\n<\/div><\/div>\n","protected":false},"excerpt":{"rendered":"<p>Als erfahrene Finanzberaterin mit \u00fcber 25 Jahren Berufserfahrung biete ich ganzheitliche, individuelle Beratung in den Bereichen Baufinanzierung, Verm\u00f6gensaufbau, Vorsorge und Ruhestandsplanung.Im Mittelpunkt stehen Ihre Ziele und Lebenssituation \u2013 verl\u00e4sslich, pers\u00f6nlich und auf Augenh\u00f6he.Ich arbeite strategisch und transparent und konzentriere mich auf meine Kernkompetenzen. In anderen Bereichen vertraue ich auf mein gewachsenes Netzwerk aus Experten in&hellip;&nbsp;<a href=\"https:\/\/www.finanzwerkstattisele.de\/\" rel=\"bookmark\">Weiterlesen &raquo;<span class=\"screen-reader-text\">\u00dcbersicht<\/span><\/a><\/p>\n","protected":false},"author":1,"featured_media":0,"parent":0,"menu_order":0,"comment_status":"closed","ping_status":"closed","template":"","meta":{"neve_meta_sidebar":"","neve_meta_container":"default","neve_meta_enable_content_width":"","neve_meta_content_width":0,"neve_meta_title_alignment":"right","neve_meta_author_avatar":"","neve_post_elements_order":"","neve_meta_disable_header":"off","neve_meta_disable_footer":"","neve_meta_disable_title":"on","footnotes":""},"class_list":["post-2","page","type-page","status-publish","hentry"],"_links":{"self":[{"href":"https:\/\/www.finanzwerkstattisele.de\/index.php?rest_route=\/wp\/v2\/pages\/2","targetHints":{"allow":["GET"]}}],"collection":[{"href":"https:\/\/www.finanzwerkstattisele.de\/index.php?rest_route=\/wp\/v2\/pages"}],"about":[{"href":"https:\/\/www.finanzwerkstattisele.de\/index.php?rest_route=\/wp\/v2\/types\/page"}],"author":[{"embeddable":true,"href":"https:\/\/www.finanzwerkstattisele.de\/index.php?rest_route=\/wp\/v2\/users\/1"}],"replies":[{"embeddable":true,"href":"https:\/\/www.finanzwerkstattisele.de\/index.php?rest_route=%2Fwp%2Fv2%2Fcomments&post=2"}],"version-history":[{"count":36,"href":"https:\/\/www.finanzwerkstattisele.de\/index.php?rest_route=\/wp\/v2\/pages\/2\/revisions"}],"predecessor-version":[{"id":142,"href":"https:\/\/www.finanzwerkstattisele.de\/index.php?rest_route=\/wp\/v2\/pages\/2\/revisions\/142"}],"wp:attachment":[{"href":"https:\/\/www.finanzwerkstattisele.de\/index.php?rest_route=%2Fwp%2Fv2%2Fmedia&parent=2"}],"curies":[{"name":"wp","href":"https:\/\/api.w.org\/{rel}","templated":true}]}}