{"id":143,"date":"2025-04-21T19:33:54","date_gmt":"2025-04-21T17:33:54","guid":{"rendered":"https:\/\/www.finanzwerkstattisele.de\/?page_id=143"},"modified":"2025-04-30T15:33:58","modified_gmt":"2025-04-30T13:33:58","slug":"datenschutz","status":"publish","type":"page","link":"https:\/\/www.finanzwerkstattisele.de\/?page_id=143","title":{"rendered":"Datenschutz"},"content":{"rendered":"\n<p><strong>1. Verantwortlicher<\/strong><br>Verantwortlich f\u00fcr die Datenverarbeitung auf dieser Website ist:<br>Tanja Isele<br>Habichtweg 12<br>0175 590 9580<br>info@finanzwerkstattisele.de<\/p>\n\n\n\n<p><strong>2. Erhebung und Speicherung personenbezogener Daten beim Besuch der Website<\/strong><br>Beim Aufrufen dieser Website werden durch den Webserver automatisch Informationen erfasst. Diese Informationen (Server-Logfiles) beinhalten z.\u202fB.:<\/p>\n\n\n\n<ul class=\"wp-block-list\">\n<li>IP-Adresse des anfragenden Ger\u00e4ts,<\/li>\n\n\n\n<li>Datum und Uhrzeit des Zugriffs,<\/li>\n\n\n\n<li>Name und URL der abgerufenen Datei,<\/li>\n\n\n\n<li>Website, von der aus der Zugriff erfolgt (Referrer-URL),<\/li>\n\n\n\n<li>verwendeter Browser und ggf. das Betriebssystem Ihres Ger\u00e4ts sowie der Name Ihres Access-Providers.<\/li>\n<\/ul>\n\n\n\n<p>Die Erhebung dieser Daten ist technisch notwendig, um die Website korrekt auszuliefern.<br>Eine Auswertung dieser Daten zu Marketingzwecken findet nicht statt.<br>Die Logfiles werden nach 90 Tagen automatisch gel\u00f6scht.<\/p>\n\n\n\n<p><strong>Rechtsgrundlage<\/strong> ist Art. 6 Abs. 1 lit. f DSGVO (berechtigtes Interesse an einem sicheren Betrieb der Website).<\/p>\n\n\n\n<p><strong>3. Cookies<\/strong><br>Diese Website verwendet keine Cookies.<\/p>\n\n\n\n<p><strong>4. Kontaktaufnahme<\/strong><br>Eine direkte Kontaktaufnahme \u00fcber diese Website (z.B. \u00fcber ein Formular) ist nicht m\u00f6glich.<br>Wenn Sie \u00fcber die angegebenen Kontaktdaten (z.B. per E-Mail) mit uns Kontakt aufnehmen, werden die \u00fcbermittelten Daten ausschlie\u00dflich zur Bearbeitung Ihrer Anfrage genutzt.<\/p>\n\n\n\n<p><strong>5. Ihre Rechte<\/strong><br>Sie haben gegen\u00fcber uns folgende Rechte bez\u00fcglich Ihrer personenbezogenen Daten:<\/p>\n\n\n\n<ul class=\"wp-block-list\">\n<li>Recht auf Auskunft (Art. 15 DSGVO),<\/li>\n\n\n\n<li>Recht auf Berichtigung (Art. 16 DSGVO),<\/li>\n\n\n\n<li>Recht auf L\u00f6schung (Art. 17 DSGVO),<\/li>\n\n\n\n<li>Recht auf Einschr\u00e4nkung der Verarbeitung (Art. 18 DSGVO),<\/li>\n\n\n\n<li>Recht auf Widerspruch gegen die Verarbeitung (Art. 21 DSGVO),<\/li>\n\n\n\n<li>Recht auf Daten\u00fcbertragbarkeit (Art. 20 DSGVO).<\/li>\n<\/ul>\n\n\n\n<p>Au\u00dferdem haben Sie das Recht, sich bei einer Aufsichtsbeh\u00f6rde zu beschweren (Art. 77 DSGVO).<\/p>\n","protected":false},"excerpt":{"rendered":"<p>1. VerantwortlicherVerantwortlich f\u00fcr die Datenverarbeitung auf dieser Website ist:Tanja IseleHabichtweg 120175 590 9580info@finanzwerkstattisele.de 2. Erhebung und Speicherung personenbezogener Daten beim Besuch der WebsiteBeim Aufrufen dieser Website werden durch den Webserver automatisch Informationen erfasst. Diese Informationen (Server-Logfiles) beinhalten z.\u202fB.: Die Erhebung dieser Daten ist technisch notwendig, um die Website korrekt auszuliefern.Eine Auswertung dieser Daten zu Marketingzwecken&hellip;&nbsp;<a href=\"https:\/\/www.finanzwerkstattisele.de\/?page_id=143\" rel=\"bookmark\">Weiterlesen &raquo;<span class=\"screen-reader-text\">Datenschutz<\/span><\/a><\/p>\n","protected":false},"author":1,"featured_media":0,"parent":2,"menu_order":0,"comment_status":"closed","ping_status":"closed","template":"","meta":{"neve_meta_sidebar":"","neve_meta_container":"","neve_meta_enable_content_width":"","neve_meta_content_width":0,"neve_meta_title_alignment":"","neve_meta_author_avatar":"","neve_post_elements_order":"","neve_meta_disable_header":"","neve_meta_disable_footer":"","neve_meta_disable_title":"","footnotes":""},"class_list":["post-143","page","type-page","status-publish","hentry"],"_links":{"self":[{"href":"https:\/\/www.finanzwerkstattisele.de\/index.php?rest_route=\/wp\/v2\/pages\/143","targetHints":{"allow":["GET"]}}],"collection":[{"href":"https:\/\/www.finanzwerkstattisele.de\/index.php?rest_route=\/wp\/v2\/pages"}],"about":[{"href":"https:\/\/www.finanzwerkstattisele.de\/index.php?rest_route=\/wp\/v2\/types\/page"}],"author":[{"embeddable":true,"href":"https:\/\/www.finanzwerkstattisele.de\/index.php?rest_route=\/wp\/v2\/users\/1"}],"replies":[{"embeddable":true,"href":"https:\/\/www.finanzwerkstattisele.de\/index.php?rest_route=%2Fwp%2Fv2%2Fcomments&post=143"}],"version-history":[{"count":3,"href":"https:\/\/www.finanzwerkstattisele.de\/index.php?rest_route=\/wp\/v2\/pages\/143\/revisions"}],"predecessor-version":[{"id":151,"href":"https:\/\/www.finanzwerkstattisele.de\/index.php?rest_route=\/wp\/v2\/pages\/143\/revisions\/151"}],"up":[{"embeddable":true,"href":"https:\/\/www.finanzwerkstattisele.de\/index.php?rest_route=\/wp\/v2\/pages\/2"}],"wp:attachment":[{"href":"https:\/\/www.finanzwerkstattisele.de\/index.php?rest_route=%2Fwp%2Fv2%2Fmedia&parent=143"}],"curies":[{"name":"wp","href":"https:\/\/api.w.org\/{rel}","templated":true}]}}